{"id":500,"date":"2026-02-22T22:05:32","date_gmt":"2026-02-22T21:05:32","guid":{"rendered":"https:\/\/kufa-lyss.wp.syrakus.dev\/?page_id=500"},"modified":"2026-04-02T12:04:00","modified_gmt":"2026-04-02T10:04:00","slug":"foerderband","status":"publish","type":"page","link":"https:\/\/kufa-lyss.wp.syrakus.dev\/fr\/foerderband\/","title":{"rendered":"F\u00f6rderband"},"content":{"rendered":"<p>Die KUFA ist mehr als nur ein Ort f\u00fcr Veranstaltungen. Sie ist ein Zentrum f\u00fcr Kunst und Kultur, eine B\u00fchne f\u00fcr aufstrebende lokale Talente und ein wichtiger F\u00f6rderer der Jugendarbeit in unserer Region. Mit dem F\u00f6rderband hast du die M\u00f6glichkeit, genau hier einen echten Unterschied zu machen.<\/p>\n\n\n\n<h2 class=\"wp-block-heading\">Member werden<\/h2>\n\n\n\n<p>Als Besitzer:in der KUFA-Memberkarte profitierst du von zahlreichen Vorteilen: kostenlose Garderobe \u2013 nie mehr Kleingeld suchen \u2013 und ein speziell f\u00fcr dich reserviertes Ticketkontingent, damit du auch beim n\u00e4chsten ausverkauften Event ganz vorne mit dabei bist. Zus\u00e4tzlich sparst du bei jedem Event 5 Franken, sodass es in der KUFA auch noch f\u00fcr ein Getr\u00e4nk reicht.<\/p>\n\n\n\n<p>Als Gold-Member gibt es noch mehr: Du erh\u00e4ltst f\u00fcnfmal f\u00fcr 2 Tickets pro Saison 100 Prozent Rabatt auf einen Event deiner Wahl.&nbsp;<\/p>\n\n\n\n<p>Falls du die Karte verschenken m\u00f6chtest, trage einfach die Personalien des neuen Mitglieds ein und f\u00fcge dann deine Rechnungsadresse hinzu. Jetzt Memberkarte sichern \u2013 die KUFA freut sich auf dich!<\/p>\n\n\n\n<div class=\"wp-block-columns is-layout-flex wp-container-core-columns-is-layout-28f84493 wp-block-columns-is-layout-flex\">\n<div class=\"wp-block-column is-layout-flow wp-block-column-is-layout-flow\">\n<h3 class=\"wp-block-heading\">KUFA-Member<\/h3>\n\n\n\n<figure class=\"wp-block-image size-large\"><img loading=\"lazy\" decoding=\"async\" width=\"1024\" height=\"754\" src=\"https:\/\/kufa-lyss.wp.syrakus.dev\/wp-content\/uploads\/2026\/02\/Memberkarte16-1-1024x754.png\" alt=\"\" class=\"wp-image-443\" srcset=\"https:\/\/kufa-lyss.wp.syrakus.dev\/wp-content\/uploads\/2026\/02\/Memberkarte16-1-1024x754.png 1024w, https:\/\/kufa-lyss.wp.syrakus.dev\/wp-content\/uploads\/2026\/02\/Memberkarte16-1-300x221.png 300w, https:\/\/kufa-lyss.wp.syrakus.dev\/wp-content\/uploads\/2026\/02\/Memberkarte16-1-768x566.png 768w, https:\/\/kufa-lyss.wp.syrakus.dev\/wp-content\/uploads\/2026\/02\/Memberkarte16-1-1536x1131.png 1536w, https:\/\/kufa-lyss.wp.syrakus.dev\/wp-content\/uploads\/2026\/02\/Memberkarte16-1-2048x1509.png 2048w\" sizes=\"auto, (max-width: 1024px) 100vw, 1024px\" \/><\/figure>\n\n\n\n<h4 class=\"wp-block-heading\"><strong>CHF 59.\u2013 f\u00fcr den Rest der Saison 16<\/strong><\/h4>\n\n\n\n<ul class=\"wp-block-list\">\n<li>CHF 5 Reduktion auf jeden Event<\/li>\n\n\n\n<li>Gratis-Garderobe<\/li>\n\n\n\n<li>Exklusives Ticketkontingent<\/li>\n\n\n\n<li>KUFA-Member-Karte<\/li>\n<\/ul>\n\n\n\n<p>* Pro Gig werden jeweils bis max. 48h vor T\u00fcr\u00f6ffnung 10% der Tickets exklusiv f\u00fcr Member reserviert.&nbsp;Sind diese weg, kann kein Anspruch mehr auf Eintrittsgarantie gemacht werden. Bei Events ohne Vorverkauf werden 10% der Tickets bis 1h nach T\u00fcr\u00f6ffnung f\u00fcr Member reserviert. Achtung: gilt nicht f\u00fcr bestuhlte Events!<\/p>\n<\/div>\n\n\n\n<div class=\"wp-block-column is-layout-flow wp-block-column-is-layout-flow\">\n<h3 class=\"wp-block-heading\">Gold-Member<\/h3>\n\n\n\n<figure class=\"wp-block-image size-large\"><img loading=\"lazy\" decoding=\"async\" width=\"1024\" height=\"738\" src=\"https:\/\/kufa-lyss.wp.syrakus.dev\/wp-content\/uploads\/2026\/02\/Goldmemberkarte16-scaled-1-1024x738.png\" alt=\"\" class=\"wp-image-326\" srcset=\"https:\/\/kufa-lyss.wp.syrakus.dev\/wp-content\/uploads\/2026\/02\/Goldmemberkarte16-scaled-1-1024x738.png 1024w, https:\/\/kufa-lyss.wp.syrakus.dev\/wp-content\/uploads\/2026\/02\/Goldmemberkarte16-scaled-1-300x216.png 300w, https:\/\/kufa-lyss.wp.syrakus.dev\/wp-content\/uploads\/2026\/02\/Goldmemberkarte16-scaled-1-768x553.png 768w, https:\/\/kufa-lyss.wp.syrakus.dev\/wp-content\/uploads\/2026\/02\/Goldmemberkarte16-scaled-1-1536x1106.png 1536w, https:\/\/kufa-lyss.wp.syrakus.dev\/wp-content\/uploads\/2026\/02\/Goldmemberkarte16-scaled-1-2048x1475.png 2048w\" sizes=\"auto, (max-width: 1024px) 100vw, 1024px\" \/><\/figure>\n\n\n\n<h4 class=\"wp-block-heading\"><strong>CHF 222.\u2013 f\u00fcr den Rest der Saison 16<\/strong><\/h4>\n\n\n\n<ul class=\"wp-block-list\">\n<li>5\u00d72 Tickets pro Jahr 100% Rabatt auf deinen Eintritt<\/li>\n\n\n\n<li>CHF 5 Reduktion auf jeden Event<\/li>\n\n\n\n<li>Gratis-Garderobe<\/li>\n\n\n\n<li>Exklusives Ticketkontingent<\/li>\n\n\n\n<li>KUFA-Gold-Member-Karte<\/li>\n<\/ul>\n\n\n\n<p>* Pro Gig werden jeweils bis max. 48h vor T\u00fcr\u00f6ffnung 10% der Tickets exklusiv f\u00fcr Member reserviert.&nbsp;Sind diese weg, kann kein Anspruch mehr auf Eintrittsgarantie gemacht werden. Bei Events ohne Vorverkauf werden 10% der Tickets bis 1h nach T\u00fcr\u00f6ffnung f\u00fcr Member reserviert. Achtung: gilt nicht f\u00fcr bestuhlte Events!<\/p>\n<\/div>\n<\/div>\n\n\n\n<h2 class=\"wp-block-heading\">Sponsor:in werden<\/h2>\n\n\n\n<p>Die KUFA ist mehr als nur eine Event-Location. Sie ist ein lebendiger Treffpunkt, ein Ort, an dem lokale K\u00fcnstler:innen ihre B\u00fchne finden und Jugendliche gef\u00f6rdert werden. Mit deinem Sponsoring unterst\u00fctzt du aktiv das Kulturschaffen in der Region und tr\u00e4gst dazu bei, dass kreative Projekte und Jugendarbeit nachhaltig wachsen k\u00f6nnen.<\/p>\n\n\n\n<p>Dein Engagement soll sich lohnen: Als Sponsor:in bieten wir dir vielseitige und attraktive Gegenleistungen \u2013 von wirksamer Werbepr\u00e4senz bis zu exklusiven Einladungen zu unseren Veranstaltungen. Gleichzeitig positionierst du dich in einem innovativen, kulturell gepr\u00e4gten Umfeld und st\u00e4rkst deine Verbindung zur Community.<\/p>\n\n\n\n<p>Lerne die KUFA und unser Sponsoringkonzept in einem pers\u00f6nlichen Gespr\u00e4ch kennen. Wir zeigen dir gerne, wie dein Beitrag einen echten Unterschied macht. Kontaktiere uns und werde Teil der KUFA-Familie \u2013 wir freuen uns auf dich!<\/p>","protected":false},"excerpt":{"rendered":"<p>Die KUFA ist mehr als nur ein Ort f\u00fcr Veranstaltungen. Sie ist ein Zentrum f\u00fcr Kunst und Kultur, eine B\u00fchne f\u00fcr aufstrebende lokale Talente und ein wichtiger F\u00f6rderer der Jugendarbeit in unserer Region. Mit dem F\u00f6rderband hast du die M\u00f6glichkeit, genau hier einen echten Unterschied zu machen. Member werden Als Besitzer:in der KUFA-Memberkarte profitierst du [&hellip;]<\/p>\n","protected":false},"author":1,"featured_media":267,"parent":0,"menu_order":0,"comment_status":"closed","ping_status":"closed","template":"","meta":{"clubson_subtitle":"Unterst\u00fctze die KUFA","clubson_additional_featured_images":"","footnotes":"[]"},"class_list":["post-500","page","type-page","status-publish","has-post-thumbnail","hentry"],"_links":{"self":[{"href":"https:\/\/kufa-lyss.wp.syrakus.dev\/fr\/wp-json\/wp\/v2\/pages\/500","targetHints":{"allow":["GET"]}}],"collection":[{"href":"https:\/\/kufa-lyss.wp.syrakus.dev\/fr\/wp-json\/wp\/v2\/pages"}],"about":[{"href":"https:\/\/kufa-lyss.wp.syrakus.dev\/fr\/wp-json\/wp\/v2\/types\/page"}],"author":[{"embeddable":true,"href":"https:\/\/kufa-lyss.wp.syrakus.dev\/fr\/wp-json\/wp\/v2\/users\/1"}],"replies":[{"embeddable":true,"href":"https:\/\/kufa-lyss.wp.syrakus.dev\/fr\/wp-json\/wp\/v2\/comments?post=500"}],"version-history":[{"count":4,"href":"https:\/\/kufa-lyss.wp.syrakus.dev\/fr\/wp-json\/wp\/v2\/pages\/500\/revisions"}],"predecessor-version":[{"id":2115,"href":"https:\/\/kufa-lyss.wp.syrakus.dev\/fr\/wp-json\/wp\/v2\/pages\/500\/revisions\/2115"}],"wp:featuredmedia":[{"embeddable":true,"href":"https:\/\/kufa-lyss.wp.syrakus.dev\/fr\/wp-json\/wp\/v2\/media\/267"}],"wp:attachment":[{"href":"https:\/\/kufa-lyss.wp.syrakus.dev\/fr\/wp-json\/wp\/v2\/media?parent=500"}],"curies":[{"name":"wp","href":"https:\/\/api.w.org\/{rel}","templated":true}]}}