{"id":497,"date":"2026-02-22T22:05:06","date_gmt":"2026-02-22T21:05:06","guid":{"rendered":"https:\/\/kufa-lyss.wp.syrakus.dev\/?page_id=497"},"modified":"2026-04-02T11:34:52","modified_gmt":"2026-04-02T09:34:52","slug":"eventfabrik","status":"publish","type":"page","link":"https:\/\/kufa-lyss.wp.syrakus.dev\/fr\/eventfabrik\/","title":{"rendered":"Eventfabrik"},"content":{"rendered":"<p>Ob stilvolles Firmen-Dinner, lockere Generalversammlung oder ein Hochzeitsap\u00e9ro mit besonderem Flair \u2013 in der KUFA wird dein Anlass zum Erlebnis. Unsere vielseitigen R\u00e4ume bieten den perfekten Rahmen f\u00fcr Meetings, Feiern und Business-Events jeder Art. Individuell gestaltbar, professionell betreut und mit genau der richtigen Mischung aus Charme und Funktionalit\u00e4t. Starte jetzt mit der Planung und\u00a0<a href=\"https:\/\/kufa-lyss.wp.syrakus.dev\/fr\/eventfabrik\/dein-event\/\" data-type=\"page\" data-id=\"1663\">designe deinen Event!<\/a><\/p>\n\n\n\n<p>Du planst einen\u00a0<a href=\"https:\/\/kufa-lyss.wp.syrakus.dev\/fr\/eventfabrik\/oeffentliche-events\/\" data-type=\"page\" data-id=\"1667\">\u00f6ffentlichen Anlass<\/a>\u00a0oder suchst einen Raum f\u00fcr\u00a0<a href=\"https:\/\/kufa-lyss.wp.syrakus.dev\/fr\/eventfabrik\/bandproben\/\" data-type=\"page\" data-id=\"1670\">Bandproben<\/a>? Auch daf\u00fcr sind wir bestens ausgestattet! Vom Konzert \u00fcber Kleinkunst bis hin zur privaten Jam-Session \u2013 wir bieten dir eine kreative Umgebung mit professioneller Infrastruktur. Egal, was du vorhast: Lass uns gemeinsam deinen Event planen!<\/p>\n\n\n\n<h3 class=\"wp-block-heading\">Beispiele<\/h3>\n\n\n\n<div class=\"wp-block-columns is-layout-flex wp-container-core-columns-is-layout-28f84493 wp-block-columns-is-layout-flex\">\n<div class=\"wp-block-column is-layout-flow wp-block-column-is-layout-flow\">\n<figure class=\"wp-block-image size-large\"><img loading=\"lazy\" decoding=\"async\" width=\"1024\" height=\"768\" src=\"https:\/\/kufa-lyss.wp.syrakus.dev\/wp-content\/uploads\/2026\/02\/Foto-12.09.16-16-58-18-1024x768.png\" alt=\"\" class=\"wp-image-319\" style=\"aspect-ratio:16\/9;object-fit:cover\" srcset=\"https:\/\/kufa-lyss.wp.syrakus.dev\/wp-content\/uploads\/2026\/02\/Foto-12.09.16-16-58-18-1024x768.png 1024w, https:\/\/kufa-lyss.wp.syrakus.dev\/wp-content\/uploads\/2026\/02\/Foto-12.09.16-16-58-18-300x225.png 300w, https:\/\/kufa-lyss.wp.syrakus.dev\/wp-content\/uploads\/2026\/02\/Foto-12.09.16-16-58-18-768x576.png 768w, https:\/\/kufa-lyss.wp.syrakus.dev\/wp-content\/uploads\/2026\/02\/Foto-12.09.16-16-58-18-1536x1152.png 1536w, https:\/\/kufa-lyss.wp.syrakus.dev\/wp-content\/uploads\/2026\/02\/Foto-12.09.16-16-58-18.png 1600w\" sizes=\"auto, (max-width: 1024px) 100vw, 1024px\" \/><\/figure>\n\n\n\n<h4 class=\"wp-block-heading\">Weihnachtsessen<\/h4>\n\n\n\n<p>Elegant mit runden Tischen und weissen Tischt\u00fcchern oder locker an langen Festb\u00e4nken \u2013 die KUFA bietet den perfekten Rahmen f\u00fcr eure Weihnachtsfeier. Geniesst ein exzellentes Catering, st\u00f6sst gemeinsam auf das Jahr an und feiert in entspannter Atmosph\u00e4re. Wir sorgen f\u00fcr einen festlichen Abend, der in Erinnerung bleibt.<\/p>\n<\/div>\n\n\n\n<div class=\"wp-block-column is-layout-flow wp-block-column-is-layout-flow\">\n<figure class=\"wp-block-image size-large\"><img loading=\"lazy\" decoding=\"async\" width=\"1024\" height=\"768\" src=\"https:\/\/kufa-lyss.wp.syrakus.dev\/wp-content\/uploads\/2026\/02\/WhatsApp-Image-2024-10-18-at-13.09.38-scaled-1-1024x768.jpeg\" alt=\"\" class=\"wp-image-485\" style=\"aspect-ratio:16\/9;object-fit:cover\" srcset=\"https:\/\/kufa-lyss.wp.syrakus.dev\/wp-content\/uploads\/2026\/02\/WhatsApp-Image-2024-10-18-at-13.09.38-scaled-1-1024x768.jpeg 1024w, https:\/\/kufa-lyss.wp.syrakus.dev\/wp-content\/uploads\/2026\/02\/WhatsApp-Image-2024-10-18-at-13.09.38-scaled-1-300x225.jpeg 300w, https:\/\/kufa-lyss.wp.syrakus.dev\/wp-content\/uploads\/2026\/02\/WhatsApp-Image-2024-10-18-at-13.09.38-scaled-1-768x576.jpeg 768w, https:\/\/kufa-lyss.wp.syrakus.dev\/wp-content\/uploads\/2026\/02\/WhatsApp-Image-2024-10-18-at-13.09.38-scaled-1-1536x1152.jpeg 1536w, https:\/\/kufa-lyss.wp.syrakus.dev\/wp-content\/uploads\/2026\/02\/WhatsApp-Image-2024-10-18-at-13.09.38-scaled-1-2048x1536.jpeg 2048w\" sizes=\"auto, (max-width: 1024px) 100vw, 1024px\" \/><\/figure>\n\n\n\n<h4 class=\"wp-block-heading\">Ap\u00e9ro<\/h4>\n\n\n\n<p>Stosst mit euren G\u00e4sten in einzigartiger Atmosph\u00e4re an! Ob festlich dekoriert oder ungezwungen mit lockerer Stimmung \u2013 die KUFA bietet den perfekten Rahmen f\u00fcr euren Ap\u00e9ro. Feine H\u00e4ppchen, prickelnde Drinks und eine entspannte Feier machen jeden besonderen Moment unvergesslich.<\/p>\n<\/div>\n<\/div>\n\n\n\n<div class=\"wp-block-columns is-layout-flex wp-container-core-columns-is-layout-28f84493 wp-block-columns-is-layout-flex\">\n<div class=\"wp-block-column is-layout-flow wp-block-column-is-layout-flow\">\n<figure class=\"wp-block-image size-large\"><img loading=\"lazy\" decoding=\"async\" width=\"1024\" height=\"683\" src=\"https:\/\/kufa-lyss.wp.syrakus.dev\/wp-content\/uploads\/2026\/02\/DSC_0454-Enhanced-NR-scaled-1-1024x683.jpg\" alt=\"\" class=\"wp-image-303\" style=\"aspect-ratio:16\/9;object-fit:cover\" srcset=\"https:\/\/kufa-lyss.wp.syrakus.dev\/wp-content\/uploads\/2026\/02\/DSC_0454-Enhanced-NR-scaled-1-1024x683.jpg 1024w, https:\/\/kufa-lyss.wp.syrakus.dev\/wp-content\/uploads\/2026\/02\/DSC_0454-Enhanced-NR-scaled-1-300x200.jpg 300w, https:\/\/kufa-lyss.wp.syrakus.dev\/wp-content\/uploads\/2026\/02\/DSC_0454-Enhanced-NR-scaled-1-768x512.jpg 768w, https:\/\/kufa-lyss.wp.syrakus.dev\/wp-content\/uploads\/2026\/02\/DSC_0454-Enhanced-NR-scaled-1-1536x1024.jpg 1536w, https:\/\/kufa-lyss.wp.syrakus.dev\/wp-content\/uploads\/2026\/02\/DSC_0454-Enhanced-NR-scaled-1-2048x1366.jpg 2048w\" sizes=\"auto, (max-width: 1024px) 100vw, 1024px\" \/><\/figure>\n\n\n\n<h4 class=\"wp-block-heading has-text-align-left\">Versammlung<\/h4>\n\n\n\n<p>Ob Talks, Pr\u00e4sentationen oder Diskussionen \u2013 die KUFA bietet die passende Infrastruktur f\u00fcr eure Generalversammlung. Mit Stuhlreihen oder Festb\u00e4nken, mit oder ohne Beamer und Leinwand \u2013 wir gestalten den Raum nach euren Bed\u00fcrfnissen. Professionell, unkompliziert und in angenehmer Atmosph\u00e4re.<\/p>\n<\/div>\n\n\n\n<div class=\"wp-block-column is-layout-flow wp-block-column-is-layout-flow\">\n<figure class=\"wp-block-image size-large\"><img loading=\"lazy\" decoding=\"async\" width=\"1024\" height=\"684\" src=\"https:\/\/kufa-lyss.wp.syrakus.dev\/wp-content\/uploads\/2026\/02\/Party-Impression-scaled-1-1024x684.jpg\" alt=\"\" class=\"wp-image-461\" style=\"aspect-ratio:16\/9;object-fit:cover\" srcset=\"https:\/\/kufa-lyss.wp.syrakus.dev\/wp-content\/uploads\/2026\/02\/Party-Impression-scaled-1-1024x684.jpg 1024w, https:\/\/kufa-lyss.wp.syrakus.dev\/wp-content\/uploads\/2026\/02\/Party-Impression-scaled-1-300x200.jpg 300w, https:\/\/kufa-lyss.wp.syrakus.dev\/wp-content\/uploads\/2026\/02\/Party-Impression-scaled-1-768x513.jpg 768w, https:\/\/kufa-lyss.wp.syrakus.dev\/wp-content\/uploads\/2026\/02\/Party-Impression-scaled-1-1536x1025.jpg 1536w, https:\/\/kufa-lyss.wp.syrakus.dev\/wp-content\/uploads\/2026\/02\/Party-Impression-scaled-1-2048x1367.jpg 2048w\" sizes=\"auto, (max-width: 1024px) 100vw, 1024px\" \/><\/figure>\n\n\n\n<h4 class=\"wp-block-heading has-text-align-left\">Geburtstagsparty<\/h4>\n\n\n\n<p>Ein gem\u00fctliches Abendessen mit Freund:innen, eine grosse Party mit DJ oder beides kombiniert \u2013 in der KUFA ist alles m\u00f6glich! Wir bieten den perfekten Rahmen f\u00fcr deine Geburtstagsparty, genau nach deinem Stil. Entspannt anstossen, feiern bis in die Nacht und unvergessliche Momente erleben.<\/p>\n<\/div>\n<\/div>\n\n\n\n<p><\/p>","protected":false},"excerpt":{"rendered":"<p>Ob stilvolles Firmen-Dinner, lockere Generalversammlung oder ein Hochzeitsap\u00e9ro mit besonderem Flair \u2013 in der KUFA wird dein Anlass zum Erlebnis. Unsere vielseitigen R\u00e4ume bieten den perfekten Rahmen f\u00fcr Meetings, Feiern und Business-Events jeder Art. Individuell gestaltbar, professionell betreut und mit genau der richtigen Mischung aus Charme und Funktionalit\u00e4t. Starte jetzt mit der Planung und\u00a0designe deinen [&hellip;]<\/p>\n","protected":false},"author":1,"featured_media":319,"parent":0,"menu_order":0,"comment_status":"closed","ping_status":"closed","template":"","meta":{"clubson_subtitle":"Designe deinen Event","clubson_additional_featured_images":"","footnotes":""},"class_list":["post-497","page","type-page","status-publish","has-post-thumbnail","hentry"],"_links":{"self":[{"href":"https:\/\/kufa-lyss.wp.syrakus.dev\/fr\/wp-json\/wp\/v2\/pages\/497","targetHints":{"allow":["GET"]}}],"collection":[{"href":"https:\/\/kufa-lyss.wp.syrakus.dev\/fr\/wp-json\/wp\/v2\/pages"}],"about":[{"href":"https:\/\/kufa-lyss.wp.syrakus.dev\/fr\/wp-json\/wp\/v2\/types\/page"}],"author":[{"embeddable":true,"href":"https:\/\/kufa-lyss.wp.syrakus.dev\/fr\/wp-json\/wp\/v2\/users\/1"}],"replies":[{"embeddable":true,"href":"https:\/\/kufa-lyss.wp.syrakus.dev\/fr\/wp-json\/wp\/v2\/comments?post=497"}],"version-history":[{"count":11,"href":"https:\/\/kufa-lyss.wp.syrakus.dev\/fr\/wp-json\/wp\/v2\/pages\/497\/revisions"}],"predecessor-version":[{"id":2106,"href":"https:\/\/kufa-lyss.wp.syrakus.dev\/fr\/wp-json\/wp\/v2\/pages\/497\/revisions\/2106"}],"wp:featuredmedia":[{"embeddable":true,"href":"https:\/\/kufa-lyss.wp.syrakus.dev\/fr\/wp-json\/wp\/v2\/media\/319"}],"wp:attachment":[{"href":"https:\/\/kufa-lyss.wp.syrakus.dev\/fr\/wp-json\/wp\/v2\/media?parent=497"}],"curies":[{"name":"wp","href":"https:\/\/api.w.org\/{rel}","templated":true}]}}