{"id":1670,"date":"2026-04-02T01:43:10","date_gmt":"2026-04-01T23:43:10","guid":{"rendered":"https:\/\/kufa-lyss.wp.syrakus.dev\/?page_id=1670"},"modified":"2026-04-02T02:10:02","modified_gmt":"2026-04-02T00:10:02","slug":"bandproben","status":"publish","type":"page","link":"https:\/\/kufa-lyss.wp.syrakus.dev\/fr\/eventfabrik\/bandproben\/","title":{"rendered":"Bandproben"},"content":{"rendered":"\n<div class=\"wp-block-columns is-layout-flex wp-container-core-columns-is-layout-28f84493 wp-block-columns-is-layout-flex\">\n<div class=\"wp-block-column is-layout-flow wp-block-column-is-layout-flow\">\n<figure class=\"wp-block-image size-large is-resized\"><img loading=\"lazy\" decoding=\"async\" width=\"1024\" height=\"681\" src=\"https:\/\/kufa-lyss.wp.syrakus.dev\/wp-content\/uploads\/2026\/02\/kufa_pendulum_dubs_2013_JanHolgerEngberg-14-scaled-1-1024x681.jpg\" alt=\"\" class=\"wp-image-419\" style=\"aspect-ratio:4\/3;object-fit:cover;width:1121px;height:auto\" srcset=\"https:\/\/kufa-lyss.wp.syrakus.dev\/wp-content\/uploads\/2026\/02\/kufa_pendulum_dubs_2013_JanHolgerEngberg-14-scaled-1-1024x681.jpg 1024w, https:\/\/kufa-lyss.wp.syrakus.dev\/wp-content\/uploads\/2026\/02\/kufa_pendulum_dubs_2013_JanHolgerEngberg-14-scaled-1-300x200.jpg 300w, https:\/\/kufa-lyss.wp.syrakus.dev\/wp-content\/uploads\/2026\/02\/kufa_pendulum_dubs_2013_JanHolgerEngberg-14-scaled-1-768x511.jpg 768w, https:\/\/kufa-lyss.wp.syrakus.dev\/wp-content\/uploads\/2026\/02\/kufa_pendulum_dubs_2013_JanHolgerEngberg-14-scaled-1-1536x1022.jpg 1536w, https:\/\/kufa-lyss.wp.syrakus.dev\/wp-content\/uploads\/2026\/02\/kufa_pendulum_dubs_2013_JanHolgerEngberg-14-scaled-1-2048x1362.jpg 2048w\" sizes=\"auto, (max-width: 1024px) 100vw, 1024px\" \/><\/figure>\n\n\n\n<p>Du suchst einen Proberaum f\u00fcr deine Band? In der KUFA kannst du in professioneller Atmosph\u00e4re ungest\u00f6rt proben und dich musikalisch entfalten. Wir bieten flexible M\u00f6glichkeiten, damit du und deine Band euch ideal vorbereiten k\u00f6nnt.&nbsp;<a href=\"https:\/\/www.kufa.ch\/wp-content\/uploads\/2025\/02\/KUFA-Factsheet_Bandproben-web.pdf\" target=\"_blank\" rel=\"noreferrer noopener\">Hier<\/a>&nbsp;findest du alle wichtigen Infos zur Miete. Und falls du Fragen hast, melde dich einfach \u2013 wir helfen dir gerne weiter!<\/p>\n<\/div>\n\n\n\n<div class=\"wp-block-column is-layout-flow wp-block-column-is-layout-flow\"><style id=\"wpforms-css-vars-1442-block-5a9a3f39-9535-4512-8a8a-3e1179dc71e7\">\n\t\t\t\t#wpforms-1442.wpforms-block-5a9a3f39-9535-4512-8a8a-3e1179dc71e7 {\n\t\t\t\t--wpforms-label-color: #ffffff;\n--wpforms-label-sublabel-color: #a7b3be;\n--wpforms-label-error-color: #ffffff;\n--wpforms-page-break-color: #474e54;\n--wpforms-field-border-radius: 6px;\n--wpforms-field-background-color: rgba( 0, 0, 0, 0 );\n--wpforms-field-border-color: #abb8c3;\n--wpforms-field-border-color-spare: #abb8c3;\n--wpforms-field-text-color: #ffffff;\n--wpforms-field-menu-color: #000000;\n--wpforms-container-border-style: solid;\n--wpforms-container-border-width: 0px;\n--wpforms-container-border-color: #000201;\n--wpforms-container-border-radius: 30px;\n--wpforms-button-border-radius: 6px;\n--wpforms-button-background-color: #9b51e0;\n--wpforms-button-border-color: #474e54;\n--wpforms-field-size-input-height: 43px;\n--wpforms-field-size-input-spacing: 15px;\n--wpforms-field-size-font-size: 16px;\n--wpforms-field-size-line-height: 19px;\n--wpforms-field-size-padding-h: 14px;\n--wpforms-field-size-checkbox-size: 16px;\n--wpforms-field-size-sublabel-spacing: 5px;\n--wpforms-field-size-icon-size: 1;\n--wpforms-label-size-font-size: 16px;\n--wpforms-label-size-line-height: 19px;\n--wpforms-label-size-sublabel-font-size: 14px;\n--wpforms-label-size-sublabel-line-height: 17px;\n--wpforms-button-size-font-size: 17px;\n--wpforms-button-size-height: 41px;\n--wpforms-button-size-padding-h: 15px;\n--wpforms-button-size-margin-top: 10px;\n--wpforms-container-shadow-size-box-shadow: none;\n\t\t\t}\n\t\t\t<\/style><div class=\"wpforms-container wpforms-container-full wpforms-block wpforms-block-5a9a3f39-9535-4512-8a8a-3e1179dc71e7 wpforms-render-modern\" id=\"wpforms-1442\"><form id=\"wpforms-form-1442\" class=\"wpforms-validate wpforms-form wpforms-ajax-form\" data-formid=\"1442\" method=\"post\" enctype=\"multipart\/form-data\" action=\"\/fr\/wp-json\/wp\/v2\/pages\/1670\" data-token=\"98b64de2c680e6e0fb90e8424363e1a5\" data-token-time=\"1775342427\"><noscript class=\"wpforms-error-noscript\">Veuillez activer JavaScript dans votre navigateur pour remplir ce formulaire.<\/noscript><div id=\"wpforms-error-noscript\" style=\"display: none;\">Veuillez activer JavaScript dans votre navigateur pour remplir ce formulaire.<\/div><div class=\"wpforms-field-container\"><div id=\"wpforms-1442-field_19-container\" class=\"wpforms-field wpforms-field-layout\" data-field-id=\"19\"><div class=\"wpforms-field-layout-rows wpforms-field-large\"><div class=\"wpforms-layout-row\"><div class=\"wpforms-layout-column wpforms-layout-column-50\"><div id=\"wpforms-1442-field_18-container\" class=\"wpforms-field wpforms-field-text\" data-field-id=\"18\"><label class=\"wpforms-field-label\" for=\"wpforms-1442-field_18\">K\u00fcnstler \/ Band \/ DJ<\/label><input type=\"text\" id=\"wpforms-1442-field_18\" class=\"wpforms-field-medium\" name=\"wpforms[fields][18]\" aria-errormessage=\"wpforms-1442-field_18-error\" ><\/div><\/div><div class=\"wpforms-layout-column wpforms-layout-column-50\"><div id=\"wpforms-1442-field_20-container\" class=\"wpforms-field wpforms-field-text\" data-field-id=\"20\"><label class=\"wpforms-field-label\" for=\"wpforms-1442-field_20\">Musikstil<\/label><input type=\"text\" id=\"wpforms-1442-field_20\" class=\"wpforms-field-medium\" name=\"wpforms[fields][20]\" aria-errormessage=\"wpforms-1442-field_20-error\" ><\/div><\/div><\/div><div class=\"wpforms-layout-row\"><div class=\"wpforms-layout-column wpforms-layout-column-50\"><div id=\"wpforms-1442-field_23-container\" class=\"wpforms-field wpforms-field-url\" data-field-id=\"23\"><label class=\"wpforms-field-label\" for=\"wpforms-1442-field_23\">Website<\/label><input type=\"url\" id=\"wpforms-1442-field_23\" class=\"wpforms-field-medium\" name=\"wpforms[fields][23]\" aria-errormessage=\"wpforms-1442-field_23-error\" ><\/div><\/div><div class=\"wpforms-layout-column wpforms-layout-column-50\"><div id=\"wpforms-1442-field_24-container\" class=\"wpforms-field wpforms-field-url\" data-field-id=\"24\"><label class=\"wpforms-field-label\" for=\"wpforms-1442-field_24\">YouTube<\/label><input type=\"url\" id=\"wpforms-1442-field_24\" class=\"wpforms-field-medium\" name=\"wpforms[fields][24]\" aria-errormessage=\"wpforms-1442-field_24-error\" ><\/div><\/div><\/div><div class=\"wpforms-layout-row\"><div class=\"wpforms-layout-column wpforms-layout-column-50\"><div id=\"wpforms-1442-field_25-container\" class=\"wpforms-field wpforms-field-url\" data-field-id=\"25\"><label class=\"wpforms-field-label\" for=\"wpforms-1442-field_25\">Instagram<\/label><input type=\"url\" id=\"wpforms-1442-field_25\" class=\"wpforms-field-medium\" name=\"wpforms[fields][25]\" aria-errormessage=\"wpforms-1442-field_25-error\" ><\/div><\/div><div class=\"wpforms-layout-column wpforms-layout-column-50\"><div id=\"wpforms-1442-field_26-container\" class=\"wpforms-field wpforms-field-url\" data-field-id=\"26\"><label class=\"wpforms-field-label\" for=\"wpforms-1442-field_26\">Facebook<\/label><input type=\"url\" id=\"wpforms-1442-field_26\" class=\"wpforms-field-medium\" name=\"wpforms[fields][26]\" aria-errormessage=\"wpforms-1442-field_26-error\" ><\/div><\/div><\/div><\/div><\/div><div id=\"wpforms-1442-field_27-container\" class=\"wpforms-field wpforms-field-textarea\" data-field-id=\"27\"><label class=\"wpforms-field-label\" for=\"wpforms-1442-field_27\">Beschreibung &#8211; K\u00fcnstler \/ Band \/ DJ<\/label><textarea id=\"wpforms-1442-field_27\" class=\"wpforms-field-medium\" name=\"wpforms[fields][27]\" aria-errormessage=\"wpforms-1442-field_27-error\" ><\/textarea><\/div><div id=\"wpforms-1442-field_1-container\" class=\"wpforms-field wpforms-field-name\" data-field-id=\"1\"><fieldset><legend class=\"wpforms-field-label\">Name <span class=\"wpforms-required-label\" aria-hidden=\"true\">*<\/span><\/legend><div class=\"wpforms-field-row wpforms-field-large\"><div class=\"wpforms-field-row-block wpforms-first wpforms-one-half\"><input type=\"text\" id=\"wpforms-1442-field_1\" class=\"wpforms-field-name-first wpforms-field-required\" name=\"wpforms[fields][1][first]\" aria-errormessage=\"wpforms-1442-field_1-error\" required><label for=\"wpforms-1442-field_1\" class=\"wpforms-field-sublabel after\">Pr\u00e9nom<\/label><\/div><div class=\"wpforms-field-row-block wpforms-one-half\"><input type=\"text\" id=\"wpforms-1442-field_1-last\" class=\"wpforms-field-name-last wpforms-field-required\" name=\"wpforms[fields][1][last]\" aria-errormessage=\"wpforms-1442-field_1-last-error\" required><label for=\"wpforms-1442-field_1-last\" class=\"wpforms-field-sublabel after\">Nom<\/label><\/div><\/div><\/fieldset><\/div><div id=\"wpforms-1442-field_3-container\" class=\"wpforms-field wpforms-field-layout\" data-field-id=\"3\"><div class=\"wpforms-field-layout-columns wpforms-field-layout-preset-50-50\"><div class=\"wpforms-layout-column wpforms-layout-column-50\" ><div id=\"wpforms-1442-field_22-container\" class=\"wpforms-field wpforms-field-phone\" data-field-id=\"22\"><label class=\"wpforms-field-label\" for=\"wpforms-1442-field_22\">Telefonnummer<\/label><input type=\"tel\" id=\"wpforms-1442-field_22\" class=\"wpforms-field-medium wpforms-smart-phone-field\" data-rule-smart-phone-field=\"true\" name=\"wpforms[fields][22]\" aria-label=\"Telefonnummer\" aria-errormessage=\"wpforms-1442-field_22-error\" ><\/div><\/div><div class=\"wpforms-layout-column wpforms-layout-column-50\" ><div id=\"wpforms-1442-field_21-container\" class=\"wpforms-field wpforms-field-email\" data-field-id=\"21\"><label class=\"wpforms-field-label\" for=\"wpforms-1442-field_21\">E-Mail-Adresse <span class=\"wpforms-required-label\" aria-hidden=\"true\">*<\/span><\/label><input type=\"email\" id=\"wpforms-1442-field_21\" class=\"wpforms-field-medium wpforms-field-required\" name=\"wpforms[fields][21]\" spellcheck=\"false\" aria-errormessage=\"wpforms-1442-field_21-error\" required><\/div><\/div><\/div><\/div>\t\t<div id=\"wpforms-1442-field_2-container\"\n\t\t\tclass=\"wpforms-field wpforms-field-text\"\n\t\t\tdata-field-type=\"text\"\n\t\t\tdata-field-id=\"2\"\n\t\t\t>\n\t\t\t<label class=\"wpforms-field-label\" for=\"wpforms-1442-field_2\" >Facebook Band Instagram<\/label>\n\t\t\t<input type=\"text\" id=\"wpforms-1442-field_2\" class=\"wpforms-field-medium\" name=\"wpforms[fields][2]\" >\n\t\t<\/div>\n\t\t<div id=\"wpforms-1442-field_28-container\" class=\"wpforms-field wpforms-field-gdpr-checkbox\" data-field-id=\"28\"><label class=\"wpforms-field-label\">Datenschutz &#8211; Einverst\u00e4ndnis <span class=\"wpforms-required-label\" aria-hidden=\"true\">*<\/span><\/label><ul id=\"wpforms-1442-field_28\" class=\"wpforms-field-required\"><li class=\"choice-1\"><input type=\"checkbox\" id=\"wpforms-1442-field_28_1\" name=\"wpforms[fields][28][]\" value=\"Ich willige ein, dass diese Website meine \u00fcbermittelten Informationen speichert, sodass meine Anfrage beantwortet werden kann.\" aria-errormessage=\"wpforms-1442-field_28_1-error\" required ><label class=\"wpforms-field-label-inline\" for=\"wpforms-1442-field_28_1\">Ich willige ein, dass diese Website meine \u00fcbermittelten Informationen speichert, sodass meine Anfrage beantwortet werden kann.<\/label><\/li><\/ul><\/div><script>\n\t\t\t\t( function() {\n\t\t\t\t\tconst style = document.createElement( 'style' );\n\t\t\t\t\tstyle.appendChild( document.createTextNode( '#wpforms-1442-field_2-container { position: absolute !important; overflow: hidden !important; display: inline !important; height: 1px !important; width: 1px !important; z-index: -1000 !important; padding: 0 !important; } #wpforms-1442-field_2-container input { visibility: hidden; } #wpforms-conversational-form-page #wpforms-1442-field_2-container label { counter-increment: none; }' ) );\n\t\t\t\t\tdocument.head.appendChild( style );\n\t\t\t\t\tdocument.currentScript?.remove();\n\t\t\t\t} )();\n\t\t\t<\/script><\/div><!-- .wpforms-field-container --><div class=\"wpforms-submit-container\" ><input type=\"hidden\" name=\"wpforms[id]\" value=\"1442\"><input type=\"hidden\" name=\"page_title\" value=\"\"><input type=\"hidden\" name=\"page_url\" value=\"https:\/\/kufa-lyss.wp.syrakus.dev\/fr\/wp-json\/wp\/v2\/pages\/1670\"><input type=\"hidden\" name=\"url_referer\" value=\"\"><button type=\"submit\" name=\"wpforms[submit]\" id=\"wpforms-submit-1442\" class=\"wpforms-submit\" data-alt-text=\"Sending...\" data-submit-text=\"Submit\" aria-live=\"assertive\" value=\"wpforms-submit\">Submit<\/button><img loading=\"lazy\" decoding=\"async\" src=\"https:\/\/kufa-lyss.wp.syrakus.dev\/wp-content\/plugins\/wpforms\/assets\/images\/submit-spin.svg\" class=\"wpforms-submit-spinner\" style=\"display: none;\" width=\"26\" height=\"26\" alt=\"Chargement en cours\"><\/div><\/form><\/div>  <!-- .wpforms-container --><\/div>\n<\/div>\n","protected":false},"excerpt":{"rendered":"<p>Du suchst einen Proberaum f\u00fcr deine Band? In der KUFA kannst du in professioneller Atmosph\u00e4re ungest\u00f6rt proben und dich musikalisch entfalten. Wir bieten flexible M\u00f6glichkeiten, damit du und deine Band euch ideal vorbereiten k\u00f6nnt.&nbsp;Hier&nbsp;findest du alle wichtigen Infos zur Miete. Und falls du Fragen hast, melde dich einfach \u2013 wir helfen dir gerne weiter!<\/p>","protected":false},"author":1,"featured_media":0,"parent":497,"menu_order":0,"comment_status":"closed","ping_status":"closed","template":"","meta":{"clubson_subtitle":"","clubson_additional_featured_images":"","footnotes":""},"class_list":["post-1670","page","type-page","status-publish","hentry"],"_links":{"self":[{"href":"https:\/\/kufa-lyss.wp.syrakus.dev\/fr\/wp-json\/wp\/v2\/pages\/1670","targetHints":{"allow":["GET"]}}],"collection":[{"href":"https:\/\/kufa-lyss.wp.syrakus.dev\/fr\/wp-json\/wp\/v2\/pages"}],"about":[{"href":"https:\/\/kufa-lyss.wp.syrakus.dev\/fr\/wp-json\/wp\/v2\/types\/page"}],"author":[{"embeddable":true,"href":"https:\/\/kufa-lyss.wp.syrakus.dev\/fr\/wp-json\/wp\/v2\/users\/1"}],"replies":[{"embeddable":true,"href":"https:\/\/kufa-lyss.wp.syrakus.dev\/fr\/wp-json\/wp\/v2\/comments?post=1670"}],"version-history":[{"count":3,"href":"https:\/\/kufa-lyss.wp.syrakus.dev\/fr\/wp-json\/wp\/v2\/pages\/1670\/revisions"}],"predecessor-version":[{"id":1687,"href":"https:\/\/kufa-lyss.wp.syrakus.dev\/fr\/wp-json\/wp\/v2\/pages\/1670\/revisions\/1687"}],"up":[{"embeddable":true,"href":"https:\/\/kufa-lyss.wp.syrakus.dev\/fr\/wp-json\/wp\/v2\/pages\/497"}],"wp:attachment":[{"href":"https:\/\/kufa-lyss.wp.syrakus.dev\/fr\/wp-json\/wp\/v2\/media?parent=1670"}],"curies":[{"name":"wp","href":"https:\/\/api.w.org\/{rel}","templated":true}]}}