{"id":1667,"date":"2026-04-02T01:40:33","date_gmt":"2026-04-01T23:40:33","guid":{"rendered":"https:\/\/kufa-lyss.wp.syrakus.dev\/?page_id=1667"},"modified":"2026-04-02T01:41:27","modified_gmt":"2026-04-01T23:41:27","slug":"oeffentliche-events","status":"publish","type":"page","link":"https:\/\/kufa-lyss.wp.syrakus.dev\/fr\/eventfabrik\/oeffentliche-events\/","title":{"rendered":"\u00d6ffentliche Events"},"content":{"rendered":"\n<div class=\"wp-block-columns is-layout-flex wp-container-core-columns-is-layout-28f84493 wp-block-columns-is-layout-flex\">\n<div class=\"wp-block-column is-layout-flow wp-block-column-is-layout-flow\">\n<figure class=\"wp-block-image size-large is-resized\"><img loading=\"lazy\" decoding=\"async\" width=\"1024\" height=\"678\" src=\"https:\/\/kufa-lyss.wp.syrakus.dev\/wp-content\/uploads\/2026\/02\/CarnageFeast-FullHouse-1024x678.jpg\" alt=\"\" class=\"wp-image-285\" style=\"aspect-ratio:1.3333333333333333;object-fit:cover;width:1121px;height:auto\" srcset=\"https:\/\/kufa-lyss.wp.syrakus.dev\/wp-content\/uploads\/2026\/02\/CarnageFeast-FullHouse-1024x678.jpg 1024w, https:\/\/kufa-lyss.wp.syrakus.dev\/wp-content\/uploads\/2026\/02\/CarnageFeast-FullHouse-300x199.jpg 300w, https:\/\/kufa-lyss.wp.syrakus.dev\/wp-content\/uploads\/2026\/02\/CarnageFeast-FullHouse-768x509.jpg 768w, https:\/\/kufa-lyss.wp.syrakus.dev\/wp-content\/uploads\/2026\/02\/CarnageFeast-FullHouse-1536x1018.jpg 1536w, https:\/\/kufa-lyss.wp.syrakus.dev\/wp-content\/uploads\/2026\/02\/CarnageFeast-FullHouse.jpg 1920w\" sizes=\"auto, (max-width: 1024px) 100vw, 1024px\" \/><\/figure>\n\n\n\n<p>Du m\u00f6chtest ein \u00f6ffentliches Konzert, eine Party, einen Vortrag oder eine Kleinkunstveranstaltung in der KUFA organisieren? Perfekt \u2013 wir bieten dir die ideale B\u00fchne f\u00fcr deinen Event! Die KUFA unterst\u00fctzt dich bei der Umsetzung. Gemeinsam besprechen wir, welche R\u00e4ume, Technik und Services am besten zu deinem Anlass passen.&nbsp;<\/p>\n\n\n\n<p>Bitte beachte, dass die KUFA \u00f6ffentliche Anl\u00e4sse nur durchf\u00fchrt, wenn sie inhaltlich ins Programm passen &nbsp;\u2013 aber keine Sorge, wir besprechen das gerne gemeinsam mit dir!<\/p>\n<\/div>\n\n\n\n<div class=\"wp-block-column is-layout-flow wp-block-column-is-layout-flow\"><style id=\"wpforms-css-vars-1412-block-4011a050-bd3e-42d7-b372-d3006f8aa6c1\">\n\t\t\t\t#wpforms-1412.wpforms-block-4011a050-bd3e-42d7-b372-d3006f8aa6c1 {\n\t\t\t\t--wpforms-label-color: #ffffff;\n--wpforms-label-sublabel-color: #a7b3be;\n--wpforms-label-error-color: #ffffff;\n--wpforms-page-break-color: #474e54;\n--wpforms-field-border-radius: 6px;\n--wpforms-field-background-color: rgba( 0, 0, 0, 0 );\n--wpforms-field-border-color: #abb8c3;\n--wpforms-field-border-color-spare: #abb8c3;\n--wpforms-field-text-color: #ffffff;\n--wpforms-field-menu-color: #000000;\n--wpforms-container-border-style: solid;\n--wpforms-container-border-width: 0px;\n--wpforms-container-border-color: #000201;\n--wpforms-container-border-radius: 30px;\n--wpforms-button-border-radius: 6px;\n--wpforms-button-background-color: #9b51e0;\n--wpforms-button-border-color: #474e54;\n--wpforms-field-size-input-height: 43px;\n--wpforms-field-size-input-spacing: 15px;\n--wpforms-field-size-font-size: 16px;\n--wpforms-field-size-line-height: 19px;\n--wpforms-field-size-padding-h: 14px;\n--wpforms-field-size-checkbox-size: 16px;\n--wpforms-field-size-sublabel-spacing: 5px;\n--wpforms-field-size-icon-size: 1;\n--wpforms-label-size-font-size: 16px;\n--wpforms-label-size-line-height: 19px;\n--wpforms-label-size-sublabel-font-size: 14px;\n--wpforms-label-size-sublabel-line-height: 17px;\n--wpforms-button-size-font-size: 17px;\n--wpforms-button-size-height: 41px;\n--wpforms-button-size-padding-h: 15px;\n--wpforms-button-size-margin-top: 10px;\n--wpforms-container-shadow-size-box-shadow: none;\n\t\t\t}\n\t\t\t<\/style><div class=\"wpforms-container wpforms-container-full wpforms-block wpforms-block-4011a050-bd3e-42d7-b372-d3006f8aa6c1 wpforms-render-modern\" id=\"wpforms-1412\"><form id=\"wpforms-form-1412\" class=\"wpforms-validate wpforms-form wpforms-ajax-form\" data-formid=\"1412\" method=\"post\" enctype=\"multipart\/form-data\" action=\"\/fr\/wp-json\/wp\/v2\/pages\/1667\" data-token=\"c903e0a224d3acf3247eb24395337f90\" data-token-time=\"1775343440\"><noscript class=\"wpforms-error-noscript\">Veuillez activer JavaScript dans votre navigateur pour remplir ce formulaire.<\/noscript><div id=\"wpforms-error-noscript\" style=\"display: none;\">Veuillez activer JavaScript dans votre navigateur pour remplir ce formulaire.<\/div><div class=\"wpforms-field-container\"><div id=\"wpforms-1412-field_0-container\" class=\"wpforms-field wpforms-field-name\" data-field-id=\"0\"><label class=\"wpforms-field-label\" for=\"wpforms-1412-field_0\">Vendor Name <span class=\"wpforms-required-label\" aria-hidden=\"true\">*<\/span><\/label><input type=\"text\" id=\"wpforms-1412-field_0\" class=\"wpforms-field-large wpforms-field-required\" name=\"wpforms[fields][0]\" aria-errormessage=\"wpforms-1412-field_0-error\" required><\/div>\t\t<div id=\"wpforms-1412-field_2-container\"\n\t\t\tclass=\"wpforms-field wpforms-field-text\"\n\t\t\tdata-field-type=\"text\"\n\t\t\tdata-field-id=\"2\"\n\t\t\t>\n\t\t\t<label class=\"wpforms-field-label\" for=\"wpforms-1412-field_2\" >&#8211; Website Phone<\/label>\n\t\t\t<input type=\"text\" id=\"wpforms-1412-field_2\" class=\"wpforms-field-medium\" name=\"wpforms[fields][2]\" >\n\t\t<\/div>\n\t\t<div id=\"wpforms-1412-field_4-container\" class=\"wpforms-field wpforms-field-url\" data-field-id=\"4\"><label class=\"wpforms-field-label\" for=\"wpforms-1412-field_4\">Website \/ URL<\/label><input type=\"url\" id=\"wpforms-1412-field_4\" class=\"wpforms-field-large\" name=\"wpforms[fields][4]\" aria-errormessage=\"wpforms-1412-field_4-error\" ><\/div><div id=\"wpforms-1412-field_5-container\" class=\"wpforms-field wpforms-field-name\" data-field-id=\"5\"><fieldset><legend class=\"wpforms-field-label\">Contact Name <span class=\"wpforms-required-label\" aria-hidden=\"true\">*<\/span><\/legend><div class=\"wpforms-field-row wpforms-field-large\"><div class=\"wpforms-field-row-block wpforms-first wpforms-one-half\"><input type=\"text\" id=\"wpforms-1412-field_5\" class=\"wpforms-field-name-first wpforms-field-required\" name=\"wpforms[fields][5][first]\" aria-errormessage=\"wpforms-1412-field_5-error\" required><label for=\"wpforms-1412-field_5\" class=\"wpforms-field-sublabel after\">Pr\u00e9nom<\/label><\/div><div class=\"wpforms-field-row-block wpforms-one-half\"><input type=\"text\" id=\"wpforms-1412-field_5-last\" class=\"wpforms-field-name-last wpforms-field-required\" name=\"wpforms[fields][5][last]\" aria-errormessage=\"wpforms-1412-field_5-last-error\" required><label for=\"wpforms-1412-field_5-last\" class=\"wpforms-field-sublabel after\">Nom<\/label><\/div><\/div><\/fieldset><\/div><div id=\"wpforms-1412-field_6-container\" class=\"wpforms-field wpforms-field-phone\" data-field-id=\"6\"><label class=\"wpforms-field-label\" for=\"wpforms-1412-field_6\">Phone<\/label><input type=\"tel\" id=\"wpforms-1412-field_6\" class=\"wpforms-field-large wpforms-smart-phone-field\" data-rule-smart-phone-field=\"true\" name=\"wpforms[fields][6]\" aria-label=\"Phone\" aria-errormessage=\"wpforms-1412-field_6-error\" ><\/div><div id=\"wpforms-1412-field_1-container\" class=\"wpforms-field wpforms-field-email\" data-field-id=\"1\"><label class=\"wpforms-field-label\" for=\"wpforms-1412-field_1\">Email <span class=\"wpforms-required-label\" aria-hidden=\"true\">*<\/span><\/label><input type=\"email\" id=\"wpforms-1412-field_1\" class=\"wpforms-field-large wpforms-field-required\" name=\"wpforms[fields][1]\" spellcheck=\"false\" aria-errormessage=\"wpforms-1412-field_1-error\" required><\/div><div id=\"wpforms-1412-field_7-container\" class=\"wpforms-field wpforms-field-address\" data-field-id=\"7\"><fieldset><legend class=\"wpforms-field-label\">Address<\/legend><div class=\"wpforms-field-row wpforms-field-large\"><div ><input type=\"text\" id=\"wpforms-1412-field_7\" class=\"wpforms-field-address-address1\" name=\"wpforms[fields][7][address1]\" aria-errormessage=\"wpforms-1412-field_7-error\" ><label for=\"wpforms-1412-field_7\" class=\"wpforms-field-sublabel after\">Adresse ligne\u00a01<\/label><\/div><\/div><div class=\"wpforms-field-row wpforms-field-large\"><div ><input type=\"text\" id=\"wpforms-1412-field_7-address2\" class=\"wpforms-field-address-address2\" name=\"wpforms[fields][7][address2]\" aria-errormessage=\"wpforms-1412-field_7-address2-error\" ><label for=\"wpforms-1412-field_7-address2\" class=\"wpforms-field-sublabel after\">Adresse ligne 2<\/label><\/div><\/div><div class=\"wpforms-field-row wpforms-field-large\"><div class=\"wpforms-field-row-block wpforms-one-half wpforms-first\"><input type=\"text\" id=\"wpforms-1412-field_7-city\" class=\"wpforms-field-address-city\" name=\"wpforms[fields][7][city]\" aria-errormessage=\"wpforms-1412-field_7-city-error\" ><label for=\"wpforms-1412-field_7-city\" class=\"wpforms-field-sublabel after\">Ville<\/label><\/div><div class=\"wpforms-field-row-block wpforms-one-half\"><select id=\"wpforms-1412-field_7-state\" class=\"wpforms-field-address-state\" name=\"wpforms[fields][7][state]\" aria-errormessage=\"wpforms-1412-field_7-state-error\" ><option class=\"placeholder\" value=\"\" selected disabled>&#8212; S\u00e9lectionner\u00a0: state &#8212;<\/option><option value=\"AL\" >Alabama<\/option><option value=\"AK\" >Alaska<\/option><option value=\"AZ\" >Arizona<\/option><option value=\"AR\" >Arkansas<\/option><option value=\"CA\" >Californie<\/option><option value=\"CO\" >Colorado<\/option><option value=\"CT\" >Connecticut<\/option><option value=\"DE\" >Delaware<\/option><option value=\"DC\" >District de Columbia<\/option><option value=\"FL\" >Floride<\/option><option value=\"GA\" >G\u00e9orgie<\/option><option value=\"HI\" >Hawa\u00ef<\/option><option value=\"ID\" >Idaho<\/option><option value=\"IL\" >Illinois<\/option><option value=\"IN\" >Indiana<\/option><option value=\"IA\" >Iowa<\/option><option value=\"KS\" >Kansas<\/option><option value=\"KY\" >Kentucky<\/option><option value=\"LA\" >Louisiane<\/option><option value=\"ME\" >Maine<\/option><option value=\"MD\" >Maryland<\/option><option value=\"MA\" >Massachusetts<\/option><option value=\"MI\" >Michigan<\/option><option value=\"MN\" >Minnesota<\/option><option value=\"MS\" >Mississippi<\/option><option value=\"MO\" >Missouri<\/option><option value=\"MT\" >Montana<\/option><option value=\"NE\" >Nebraska<\/option><option value=\"NV\" >Nevada<\/option><option value=\"NH\" >New Hampshire<\/option><option value=\"NJ\" >New Jersey<\/option><option value=\"NM\" >Nouveau-Mexique<\/option><option value=\"NY\" >New York<\/option><option value=\"NC\" >Caroline du Nord<\/option><option value=\"ND\" >Dakota du Nord<\/option><option value=\"OH\" >Ohio<\/option><option value=\"OK\" >Oklahoma<\/option><option value=\"OR\" >Oregon<\/option><option value=\"PA\" >Pennsylvanie<\/option><option value=\"RI\" >Rhode Island<\/option><option value=\"SC\" >Caroline du Sud<\/option><option value=\"SD\" >Dakota du Sud<\/option><option value=\"TN\" >Tennessee<\/option><option value=\"TX\" >Texas<\/option><option value=\"UT\" >Utah<\/option><option value=\"VT\" >Vermont<\/option><option value=\"VA\" >Virginie<\/option><option value=\"WA\" >Washington<\/option><option value=\"WV\" >Virginie-Occidentale<\/option><option value=\"WI\" >Wisconsin<\/option><option value=\"WY\" >Wyoming<\/option><\/select><label for=\"wpforms-1412-field_7-state\" class=\"wpforms-field-sublabel after\">\u00c9tat<\/label><\/div><\/div><div class=\"wpforms-field-row wpforms-field-large\"><div class=\"wpforms-field-row-block wpforms-one-half wpforms-first\"><input type=\"text\" id=\"wpforms-1412-field_7-postal\" class=\"wpforms-field-address-postal wpforms-masked-input\" data-inputmask-mask=\"(99999)|(99999-9999)\" data-inputmask-keepstatic=\"true\" data-rule-inputmask-incomplete=\"1\" name=\"wpforms[fields][7][postal]\" aria-errormessage=\"wpforms-1412-field_7-postal-error\" ><label for=\"wpforms-1412-field_7-postal\" class=\"wpforms-field-sublabel after\">Code postal<\/label><\/div><\/div><\/fieldset><\/div><div id=\"wpforms-1412-field_8-container\" class=\"wpforms-field wpforms-field-textarea\" data-field-id=\"8\"><label class=\"wpforms-field-label\" for=\"wpforms-1412-field_8\">Comments<\/label><textarea id=\"wpforms-1412-field_8\" class=\"wpforms-field-medium\" name=\"wpforms[fields][8]\" aria-errormessage=\"wpforms-1412-field_8-error\" ><\/textarea><\/div><div id=\"wpforms-1412-field_9-container\" class=\"wpforms-field wpforms-field-gdpr-checkbox\" data-field-id=\"9\"><label class=\"wpforms-field-label\">Datenschutz &#8211; Einverst\u00e4ndnis <span class=\"wpforms-required-label\" aria-hidden=\"true\">*<\/span><\/label><ul id=\"wpforms-1412-field_9\" class=\"wpforms-field-required\"><li class=\"choice-1\"><input type=\"checkbox\" id=\"wpforms-1412-field_9_1\" name=\"wpforms[fields][9][]\" value=\"Ich willige ein, dass diese Website meine \u00fcbermittelten Informationen speichert, sodass meine Anfrage beantwortet werden kann.\" aria-errormessage=\"wpforms-1412-field_9_1-error\" required ><label class=\"wpforms-field-label-inline\" for=\"wpforms-1412-field_9_1\">Ich willige ein, dass diese Website meine \u00fcbermittelten Informationen speichert, sodass meine Anfrage beantwortet werden kann.<\/label><\/li><\/ul><\/div><script>\n\t\t\t\t( function() {\n\t\t\t\t\tconst style = document.createElement( 'style' );\n\t\t\t\t\tstyle.appendChild( document.createTextNode( '#wpforms-1412-field_2-container { position: absolute !important; overflow: hidden !important; display: inline !important; height: 1px !important; width: 1px !important; z-index: -1000 !important; padding: 0 !important; } #wpforms-1412-field_2-container input { visibility: hidden; } #wpforms-conversational-form-page #wpforms-1412-field_2-container label { counter-increment: none; }' ) );\n\t\t\t\t\tdocument.head.appendChild( style );\n\t\t\t\t\tdocument.currentScript?.remove();\n\t\t\t\t} )();\n\t\t\t<\/script><\/div><!-- .wpforms-field-container --><div class=\"wpforms-submit-container\" ><input type=\"hidden\" name=\"wpforms[id]\" value=\"1412\"><input type=\"hidden\" name=\"page_title\" value=\"\"><input type=\"hidden\" name=\"page_url\" value=\"https:\/\/kufa-lyss.wp.syrakus.dev\/fr\/wp-json\/wp\/v2\/pages\/1667\"><input type=\"hidden\" name=\"url_referer\" value=\"\"><button type=\"submit\" name=\"wpforms[submit]\" id=\"wpforms-submit-1412\" class=\"wpforms-submit\" data-alt-text=\"Sending...\" data-submit-text=\"Submit\" aria-live=\"assertive\" value=\"wpforms-submit\">Submit<\/button><img loading=\"lazy\" decoding=\"async\" src=\"https:\/\/kufa-lyss.wp.syrakus.dev\/wp-content\/plugins\/wpforms\/assets\/images\/submit-spin.svg\" class=\"wpforms-submit-spinner\" style=\"display: none;\" width=\"26\" height=\"26\" alt=\"Chargement en cours\"><\/div><\/form><\/div>  <!-- .wpforms-container --><\/div>\n<\/div>\n","protected":false},"excerpt":{"rendered":"<p>Du m\u00f6chtest ein \u00f6ffentliches Konzert, eine Party, einen Vortrag oder eine Kleinkunstveranstaltung in der KUFA organisieren? Perfekt \u2013 wir bieten dir die ideale B\u00fchne f\u00fcr deinen Event! Die KUFA unterst\u00fctzt dich bei der Umsetzung. Gemeinsam besprechen wir, welche R\u00e4ume, Technik und Services am besten zu deinem Anlass passen.&nbsp; Bitte beachte, dass die KUFA \u00f6ffentliche Anl\u00e4sse [&hellip;]<\/p>\n","protected":false},"author":1,"featured_media":0,"parent":497,"menu_order":0,"comment_status":"closed","ping_status":"closed","template":"","meta":{"clubson_subtitle":"","clubson_additional_featured_images":"","footnotes":""},"class_list":["post-1667","page","type-page","status-publish","hentry"],"_links":{"self":[{"href":"https:\/\/kufa-lyss.wp.syrakus.dev\/fr\/wp-json\/wp\/v2\/pages\/1667","targetHints":{"allow":["GET"]}}],"collection":[{"href":"https:\/\/kufa-lyss.wp.syrakus.dev\/fr\/wp-json\/wp\/v2\/pages"}],"about":[{"href":"https:\/\/kufa-lyss.wp.syrakus.dev\/fr\/wp-json\/wp\/v2\/types\/page"}],"author":[{"embeddable":true,"href":"https:\/\/kufa-lyss.wp.syrakus.dev\/fr\/wp-json\/wp\/v2\/users\/1"}],"replies":[{"embeddable":true,"href":"https:\/\/kufa-lyss.wp.syrakus.dev\/fr\/wp-json\/wp\/v2\/comments?post=1667"}],"version-history":[{"count":2,"href":"https:\/\/kufa-lyss.wp.syrakus.dev\/fr\/wp-json\/wp\/v2\/pages\/1667\/revisions"}],"predecessor-version":[{"id":1669,"href":"https:\/\/kufa-lyss.wp.syrakus.dev\/fr\/wp-json\/wp\/v2\/pages\/1667\/revisions\/1669"}],"up":[{"embeddable":true,"href":"https:\/\/kufa-lyss.wp.syrakus.dev\/fr\/wp-json\/wp\/v2\/pages\/497"}],"wp:attachment":[{"href":"https:\/\/kufa-lyss.wp.syrakus.dev\/fr\/wp-json\/wp\/v2\/media?parent=1667"}],"curies":[{"name":"wp","href":"https:\/\/api.w.org\/{rel}","templated":true}]}}